{"id":164,"date":"2021-07-10T14:43:47","date_gmt":"2021-07-10T14:43:47","guid":{"rendered":"https:\/\/maarifkongresi.com\/v1\/?page_id=164"},"modified":"2021-07-10T14:43:47","modified_gmt":"2021-07-10T14:43:47","slug":"kongre-programi","status":"publish","type":"page","link":"https:\/\/maarifkongresi.com\/v1\/kongre-programi\/","title":{"rendered":"Kongre Program\u0131"},"content":{"rendered":"<p>II. Maarif Kongresinin program\u0131n\u0131 g\u00f6rmek ve indirmek i\u00e7in <a href=\"https:\/\/drive.google.com\/file\/d\/1GxlcqHuVN_PXBR2d6lDDszkWqRCzhyLs\/view?usp=sharing\">l\u00fctfen t\u0131klay\u0131n\u0131z<\/a><\/p>\n","protected":false},"excerpt":{"rendered":"<p>II. Maarif Kongresinin program\u0131n\u0131 g\u00f6rmek ve indirmek i\u00e7in l\u00fctfen t\u0131klay\u0131n\u0131z<\/p>\n","protected":false},"author":1,"featured_media":0,"parent":0,"menu_order":0,"comment_status":"closed","ping_status":"closed","template":"","meta":[],"_links":{"self":[{"href":"https:\/\/maarifkongresi.com\/v1\/wp-json\/wp\/v2\/pages\/164"}],"collection":[{"href":"https:\/\/maarifkongresi.com\/v1\/wp-json\/wp\/v2\/pages"}],"about":[{"href":"https:\/\/maarifkongresi.com\/v1\/wp-json\/wp\/v2\/types\/page"}],"author":[{"embeddable":true,"href":"https:\/\/maarifkongresi.com\/v1\/wp-json\/wp\/v2\/users\/1"}],"replies":[{"embeddable":true,"href":"https:\/\/maarifkongresi.com\/v1\/wp-json\/wp\/v2\/comments?post=164"}],"version-history":[{"count":1,"href":"https:\/\/maarifkongresi.com\/v1\/wp-json\/wp\/v2\/pages\/164\/revisions"}],"predecessor-version":[{"id":165,"href":"https:\/\/maarifkongresi.com\/v1\/wp-json\/wp\/v2\/pages\/164\/revisions\/165"}],"wp:attachment":[{"href":"https:\/\/maarifkongresi.com\/v1\/wp-json\/wp\/v2\/media?parent=164"}],"curies":[{"name":"wp","href":"https:\/\/api.w.org\/{rel}","templated":true}]}}