{"id":166,"date":"2021-07-13T21:40:24","date_gmt":"2021-07-13T21:40:24","guid":{"rendered":"https:\/\/maarifkongresi.com\/v1\/?page_id=166"},"modified":"2021-07-13T21:48:42","modified_gmt":"2021-07-13T21:48:42","slug":"sergiler","status":"publish","type":"page","link":"https:\/\/maarifkongresi.com\/v1\/sergiler\/","title":{"rendered":"Sanal Sergi- I"},"content":{"rendered":"<p>Atat\u00fcrk, T\u00fcrk E\u011fitim Tarihi ve Maarif Kongresi Sanal Sergisi<\/p>\n<p><iframe loading=\"lazy\" src=\"https:\/\/www.artsteps.com\/embed\/60eb13a746d09ee704cf531c\/560\/315\" width=\"560\" height=\"315\" frameborder=\"0\" allowfullscreen=\"allowfullscreen\"><\/iframe>\u00a0<\/p>\n<p>\u00a0<\/p>\n<p><iframe loading=\"lazy\" src=\"https:\/\/www.artsteps.com\/embed\/60ecab5fe078dff4562e7696\/560\/315\" width=\"560\" height=\"315\" frameborder=\"0\" allowfullscreen=\"allowfullscreen\">\u00a0\n<p>\u00a0<\/p>\n<p>\u0130smail Hakk\u0131 BALTACIO\u011eLU Koleksiyonu<\/p>\n<p>\u00a0<\/p>\n<p>\u00a0<iframe loading=\"lazy\" width=\"560\" height=\"315\" src=\"https:\/\/www.artsteps.com\/embed\/60edc87bbda26fb64075bb0d\/560\/315\" frameborder=\"0\" allowfullscreen=\"allowfullscreen\"><\/iframe><\/p><\/iframe><\/p>\n<p>\u00a0<\/p>\n<p>\u00a0<\/p>\n<p>\u00a0<\/p>\n\n\n<p><\/p>\n","protected":false},"excerpt":{"rendered":"<p>Atat\u00fcrk, T\u00fcrk E\u011fitim Tarihi ve Maarif Kongresi Sanal Sergisi \u00a0 \u00a0 \u00a0 \u00a0 \u0130smail Hakk\u0131 BALTACIO\u011eLU Koleksiyonu \u00a0 \u00a0 \u00a0 \u00a0 \u00a0<\/p>\n","protected":false},"author":1,"featured_media":0,"parent":0,"menu_order":0,"comment_status":"closed","ping_status":"closed","template":"","meta":[],"_links":{"self":[{"href":"https:\/\/maarifkongresi.com\/v1\/wp-json\/wp\/v2\/pages\/166"}],"collection":[{"href":"https:\/\/maarifkongresi.com\/v1\/wp-json\/wp\/v2\/pages"}],"about":[{"href":"https:\/\/maarifkongresi.com\/v1\/wp-json\/wp\/v2\/types\/page"}],"author":[{"embeddable":true,"href":"https:\/\/maarifkongresi.com\/v1\/wp-json\/wp\/v2\/users\/1"}],"replies":[{"embeddable":true,"href":"https:\/\/maarifkongresi.com\/v1\/wp-json\/wp\/v2\/comments?post=166"}],"version-history":[{"count":6,"href":"https:\/\/maarifkongresi.com\/v1\/wp-json\/wp\/v2\/pages\/166\/revisions"}],"predecessor-version":[{"id":172,"href":"https:\/\/maarifkongresi.com\/v1\/wp-json\/wp\/v2\/pages\/166\/revisions\/172"}],"wp:attachment":[{"href":"https:\/\/maarifkongresi.com\/v1\/wp-json\/wp\/v2\/media?parent=166"}],"curies":[{"name":"wp","href":"https:\/\/api.w.org\/{rel}","templated":true}]}}