{"id":178,"date":"2021-07-13T21:57:40","date_gmt":"2021-07-13T21:57:40","guid":{"rendered":"https:\/\/maarifkongresi.com\/v1\/?page_id=178"},"modified":"2021-07-13T21:59:36","modified_gmt":"2021-07-13T21:59:36","slug":"sanal-sergi-ii","status":"publish","type":"page","link":"https:\/\/maarifkongresi.com\/v1\/sanal-sergi-ii\/","title":{"rendered":"Sanal Sergi- II"},"content":{"rendered":"<p>\u0130smail Hakk\u0131 BALTACIO\u011eLU Koleksiyonu<\/p>\n<p>&nbsp;<\/p>\n\n<p><iframe loading=\"lazy\" width=\"560\" height=\"315\" src=\"https:\/\/www.artsteps.com\/embed\/60edc87bbda26fb64075bb0d\/560\/315\" frameborder=\"0\" allowfullscreen=\"\"><\/iframe><\/p>\n\n<p>&nbsp;<\/p>\n<p>&nbsp;<\/p>\n\n<p><iframe loading=\"lazy\" width=\"560\" height=\"315\" src=\"https:\/\/www.artsteps.com\/embed\/60ede2046eaae5cc7bfc5edc\/560\/315\" frameborder=\"0\" allowfullscreen=\"\"><\/iframe><\/p>\n\n\n<p><\/p>\n","protected":false},"excerpt":{"rendered":"<p>\u0130smail Hakk\u0131 BALTACIO\u011eLU Koleksiyonu &nbsp; &nbsp; &nbsp;<\/p>\n","protected":false},"author":1,"featured_media":0,"parent":0,"menu_order":0,"comment_status":"closed","ping_status":"closed","template":"","meta":[],"_links":{"self":[{"href":"https:\/\/maarifkongresi.com\/v1\/wp-json\/wp\/v2\/pages\/178"}],"collection":[{"href":"https:\/\/maarifkongresi.com\/v1\/wp-json\/wp\/v2\/pages"}],"about":[{"href":"https:\/\/maarifkongresi.com\/v1\/wp-json\/wp\/v2\/types\/page"}],"author":[{"embeddable":true,"href":"https:\/\/maarifkongresi.com\/v1\/wp-json\/wp\/v2\/users\/1"}],"replies":[{"embeddable":true,"href":"https:\/\/maarifkongresi.com\/v1\/wp-json\/wp\/v2\/comments?post=178"}],"version-history":[{"count":3,"href":"https:\/\/maarifkongresi.com\/v1\/wp-json\/wp\/v2\/pages\/178\/revisions"}],"predecessor-version":[{"id":181,"href":"https:\/\/maarifkongresi.com\/v1\/wp-json\/wp\/v2\/pages\/178\/revisions\/181"}],"wp:attachment":[{"href":"https:\/\/maarifkongresi.com\/v1\/wp-json\/wp\/v2\/media?parent=178"}],"curies":[{"name":"wp","href":"https:\/\/api.w.org\/{rel}","templated":true}]}}