{"id":44,"date":"2021-02-13T11:56:33","date_gmt":"2021-02-13T11:56:33","guid":{"rendered":"http:\/\/maarifkongresi.com\/v1\/?page_id=44"},"modified":"2021-02-13T11:56:33","modified_gmt":"2021-02-13T11:56:33","slug":"iletisim","status":"publish","type":"page","link":"https:\/\/maarifkongresi.com\/v1\/iletisim\/","title":{"rendered":"\u0130leti\u015fim"},"content":{"rendered":"<p style=\"font-weight: 400;\">T\u00fcrk E\u011fitim-Sen Genel Merkezi<\/p>\n<p style=\"font-weight: 400;\">Erzurum Mahallesi Talatpa\u015fa Bulvar\u0131 No:160 Kat:6 Cebeci\/ANKARA<\/p>\n<p><span style=\"font-weight: 400;\">0 312 4240960 (8 Hat)<\/span><span style=\"font-weight: 400;\">\u00a0<\/span><\/p>\n<p><span style=\"font-weight: 400;\">2.maarifkongresi@gmail.com<\/span><\/p>\n","protected":false},"excerpt":{"rendered":"<p>T\u00fcrk E\u011fitim-Sen Genel Merkezi Erzurum Mahallesi Talatpa\u015fa Bulvar\u0131 No:160 Kat:6 Cebeci\/ANKARA 0 312 4240960 (8 Hat)\u00a0 2.maarifkongresi@gmail.com<\/p>\n","protected":false},"author":1,"featured_media":0,"parent":0,"menu_order":0,"comment_status":"closed","ping_status":"closed","template":"","meta":[],"_links":{"self":[{"href":"https:\/\/maarifkongresi.com\/v1\/wp-json\/wp\/v2\/pages\/44"}],"collection":[{"href":"https:\/\/maarifkongresi.com\/v1\/wp-json\/wp\/v2\/pages"}],"about":[{"href":"https:\/\/maarifkongresi.com\/v1\/wp-json\/wp\/v2\/types\/page"}],"author":[{"embeddable":true,"href":"https:\/\/maarifkongresi.com\/v1\/wp-json\/wp\/v2\/users\/1"}],"replies":[{"embeddable":true,"href":"https:\/\/maarifkongresi.com\/v1\/wp-json\/wp\/v2\/comments?post=44"}],"version-history":[{"count":1,"href":"https:\/\/maarifkongresi.com\/v1\/wp-json\/wp\/v2\/pages\/44\/revisions"}],"predecessor-version":[{"id":45,"href":"https:\/\/maarifkongresi.com\/v1\/wp-json\/wp\/v2\/pages\/44\/revisions\/45"}],"wp:attachment":[{"href":"https:\/\/maarifkongresi.com\/v1\/wp-json\/wp\/v2\/media?parent=44"}],"curies":[{"name":"wp","href":"https:\/\/api.w.org\/{rel}","templated":true}]}}