{"id":48,"date":"2021-02-13T12:00:06","date_gmt":"2021-02-13T12:00:06","guid":{"rendered":"http:\/\/maarifkongresi.com\/v1\/?page_id=48"},"modified":"2021-06-23T10:45:03","modified_gmt":"2021-06-23T10:45:03","slug":"katilim-ve-konaklama","status":"publish","type":"page","link":"https:\/\/maarifkongresi.com\/v1\/katilim-ve-konaklama\/","title":{"rendered":"Kat\u0131l\u0131m ve Konaklama"},"content":{"rendered":"<strong>Konaklama<\/strong>\n\nDavetli kat\u0131l\u0131mc\u0131lar hari\u00e7, ula\u015f\u0131m kat\u0131l\u0131mc\u0131lar taraf\u0131ndan kar\u015f\u0131lanacakt\u0131r. Konaklama ve di\u011fer giderler T\u00fcrk E\u011fitim Sen Genel Merkezi taraf\u0131ndan kar\u015f\u0131lanacakt\u0131r.\n\n<strong>Kat\u0131l\u0131m<\/strong>\n\n2.Maarif Kongresi, kongre i\u00e7eri\u011fi ve yaz\u0131m kurallar\u0131na uygun bildirilere ve bu alanda \u00e7al\u0131\u015fan b\u00fct\u00fcn akademisyen ve e\u011fitimcilere a\u00e7\u0131kt\u0131r. <strong>Kat\u0131l\u0131mc\u0131lardan herhangidir kat\u0131l\u0131m \u00fccreti talep edilmeyecektir.<\/strong>\n\n\n\nII. Maarif Kongresine g\u00f6ndermi\u015f oldu\u011funuz bildirinin Kabul Mektubunu \u00a0<a href=\"http:\/\/maarifkongre.sistemi.biz.tr\/\" target=\"_blank\" rel=\"noreferrer noopener\">http:\/\/maarifkongre.sistemi.biz.tr\/<\/a>\u00a0sisteminden bilgisayar\u0131na indirebilirsiniz.\n\n \n\nKongre program\u0131 ve g\u00fcncel bilgilendirmeler i\u00e7in\u00a0<a href=\"https:\/\/maarifkongresi.com\/\" target=\"_blank\" rel=\"noreferrer noopener\">https:\/\/maarifkongresi.com\/<\/a>\u00a0adresini l\u00fctfen takip ediniz.\n\n \n\nOtel Rezervasyonlar\u0131 i\u00e7in\u00a0<a href=\"http:\/\/maarifkongre.sistemi.biz.tr\/\" target=\"_blank\" rel=\"noreferrer noopener\">http:\/\/maarifkongre.sistemi.biz.tr\/<\/a>\u00a0adresinde bulunan Ula\u015f\u0131m Formunu doldurmalar\u0131n\u0131 rica ederiz.\n\n \n\n13 Temmuz 2021 : II. Maarif Kongresi Kay\u0131t ve Otele Giri\u015f\n14 Temmuz 2021 : II.Maarif Kongresi A\u00e7\u0131l\u0131\u015f Program\u0131 (Saat 10.00 II.Meclis Binas\u0131)\n15-16 Temmuz 2021 : Bildirilerin Sunulmas\u0131\n17 Temmuz 2021: K\u00fclt\u00fcrel Program\n\n \n\nII.Maarif Kongresinin Yap\u0131laca\u011f\u0131 Otel\nThe Green Park Hotels Resorts\nK\u0131z\u0131l\u0131rmak Mah. 1443 Cad. No:39 \u00c7ukurambar \u00c7ankaya \/ Ankara \/ T\u00fcrkiye\nTel : (+90)312 258 0000\n\n","protected":false},"excerpt":{"rendered":"<p>Konaklama Davetli kat\u0131l\u0131mc\u0131lar hari\u00e7, ula\u015f\u0131m kat\u0131l\u0131mc\u0131lar taraf\u0131ndan kar\u015f\u0131lanacakt\u0131r. Konaklama ve di\u011fer giderler T\u00fcrk E\u011fitim Sen Genel Merkezi taraf\u0131ndan kar\u015f\u0131lanacakt\u0131r. Kat\u0131l\u0131m 2.Maarif Kongresi, kongre i\u00e7eri\u011fi ve yaz\u0131m kurallar\u0131na uygun bildirilere ve bu alanda \u00e7al\u0131\u015fan b\u00fct\u00fcn akademisyen ve e\u011fitimcilere a\u00e7\u0131kt\u0131r. Kat\u0131l\u0131mc\u0131lardan herhangidir kat\u0131l\u0131m \u00fccreti talep edilmeyecektir. II. Maarif Kongresine g\u00f6ndermi\u015f oldu\u011funuz bildirinin Kabul Mektubunu \u00a0http:\/\/maarifkongre.sistemi.biz.tr\/\u00a0sisteminden bilgisayar\u0131na indirebilirsiniz.\u2026 <span class=\"read-more\"><a href=\"https:\/\/maarifkongresi.com\/v1\/katilim-ve-konaklama\/\">Read More &raquo;<\/a><\/span><\/p>\n","protected":false},"author":1,"featured_media":0,"parent":0,"menu_order":0,"comment_status":"closed","ping_status":"closed","template":"","meta":[],"_links":{"self":[{"href":"https:\/\/maarifkongresi.com\/v1\/wp-json\/wp\/v2\/pages\/48"}],"collection":[{"href":"https:\/\/maarifkongresi.com\/v1\/wp-json\/wp\/v2\/pages"}],"about":[{"href":"https:\/\/maarifkongresi.com\/v1\/wp-json\/wp\/v2\/types\/page"}],"author":[{"embeddable":true,"href":"https:\/\/maarifkongresi.com\/v1\/wp-json\/wp\/v2\/users\/1"}],"replies":[{"embeddable":true,"href":"https:\/\/maarifkongresi.com\/v1\/wp-json\/wp\/v2\/comments?post=48"}],"version-history":[{"count":2,"href":"https:\/\/maarifkongresi.com\/v1\/wp-json\/wp\/v2\/pages\/48\/revisions"}],"predecessor-version":[{"id":162,"href":"https:\/\/maarifkongresi.com\/v1\/wp-json\/wp\/v2\/pages\/48\/revisions\/162"}],"wp:attachment":[{"href":"https:\/\/maarifkongresi.com\/v1\/wp-json\/wp\/v2\/media?parent=48"}],"curies":[{"name":"wp","href":"https:\/\/api.w.org\/{rel}","templated":true}]}}