{"id":50,"date":"2021-02-13T12:01:04","date_gmt":"2021-02-13T12:01:04","guid":{"rendered":"http:\/\/maarifkongresi.com\/v1\/?page_id=50"},"modified":"2021-05-21T10:31:23","modified_gmt":"2021-05-21T10:31:23","slug":"onemli-tarihler","status":"publish","type":"page","link":"https:\/\/maarifkongresi.com\/v1\/onemli-tarihler\/","title":{"rendered":"\u00d6nemli Tarihler"},"content":{"rendered":"<p><strong>15 \u015eubat 2021:<\/strong>\u00a0Kongreye \u00d6zet G\u00f6nderimlerin Ba\u015flamas\u0131.<\/p>\n<p><strong>5 Haziran 2021:<\/strong>\u00a0\u00d6zet G\u00f6nderimi \u0130\u00e7in Son Tarih.<\/p>\n<p><strong>15 Haziran 2021:<\/strong>\u00a0Kabul Edilen Bildiri \u00d6zetlerinin \u0130lan Edilmesi.<\/p>\n<p><strong>25 May\u0131s 5 Haziran 2021:<\/strong>\u00a0\u0130l\u00e7elerde olu\u015fturulacak komisyonlar marifetiyle T\u00fcrk E\u011fitimine dair il\u00e7e g\u00f6r\u00fc\u015flerinin bildiri metni haline getirilmesi ve temsilcilerin se\u00e7ilmesi.<\/p>\n<p><strong>10-20 Haziran 2021:<\/strong>\u00a0\u0130l\u00e7e temsilcileri taraf\u0131ndan haz\u0131rlanan raporlar\u0131n illerde g\u00f6r\u00fc\u015f\u00fclmesi. 13-18 Temmuz 2021\u2019de Ankara\u2019da d\u00fczenlenecek kongrede bu bildirileri sunacak temsilcilerin il\u00e7e temsilcilerince se\u00e7ilmesi. Tespit, g\u00f6r\u00fc\u015f ve \u00f6nerilerin rapor haline getirilerek 25 Haziran 2021 taraf\u0131ndan kongre sekreterli\u011fine il raporunun ve temsilci ad\u0131n\u0131n ula\u015ft\u0131r\u0131lmas\u0131.<\/p>\n<p><strong>30 Haziran 2021:<\/strong>\u00a0Bildiri Tam Metinlerinin G\u00f6nderilece\u011fi Son Tarih.<\/p>\n<p><strong>20 Haziran 2021:<\/strong>\u00a0Sergi \u0130\u00e7in Son Ba\u015fvuru Tarih.<\/p>\n<p><strong>1 Temmuz 2021:<\/strong>\u00a0Sergiye Kabul Edilen Eserlerin Bildirim Tarihi.<\/p>\n<p><strong>5 Temmuz 2021:<\/strong>\u00a0\u0130l\u00e7e temsilcileri raporlar\u0131ndan birle\u015ftirme yolu ile olu\u015fturulan genel tespit, \u00f6neri ve g\u00f6r\u00fc\u015f raporunun kongre kat\u0131l\u0131mc\u0131lar\u0131na elektronik olarak ula\u015ft\u0131r\u0131lmas\u0131 ve kongre sayfalar\u0131nda yay\u0131nlanmas\u0131. Bu suretle kongre program\u0131 i\u00e7erisinde tematik olarak d\u00fczenlenecek forumlar vas\u0131tas\u0131 ile T\u00fcrkiye geneli T\u00fcrk e\u011fitim sistemi raporunun forum oturumlar\u0131nda g\u00f6r\u00fc\u015f\u00fclerek nihai \u015feklinin verilmesi sa\u011flanacakt\u0131r.<\/p>\n<p><strong>12 Temmuz 2021:<\/strong>\u00a0Sergilenmek i\u00e7in eserlerin kargo veya elden ula\u015ft\u0131r\u0131lmas\u0131.<\/p>\n<p><strong>13 Temmuz 2021:<\/strong>\u00a0Kongre Oteline Giri\u015f ve Kay\u0131tlar\u0131n Yap\u0131lmas\u0131<\/p>\n<p><strong>13-18 Temmuz 2021:<\/strong>\u00a0A\u00e7\u0131l\u0131\u015f, Kongre Bildirilerinin Sunulmas\u0131, T\u00fcrkiye Maarif Raporunun Forum Oturumlar\u0131nda G\u00f6r\u00fc\u015f\u00fclerek Nihai \u015eeklinin Verilmesi. \u00d6zel Oturumlar, Kapan\u0131\u015f ve Sonu\u00e7 Bildirgesinin Sunulmas\u0131.<\/p>\n<p><strong>13-21 Temmuz 2021:<\/strong>\u00a0Sergi S\u00fcresi (Talep ve yo\u011funlu\u011fa g\u00f6re s\u00fcre uzat\u0131labilir.)<\/p>\n","protected":false},"excerpt":{"rendered":"<p>15 \u015eubat 2021:\u00a0Kongreye \u00d6zet G\u00f6nderimlerin Ba\u015flamas\u0131. 5 Haziran 2021:\u00a0\u00d6zet G\u00f6nderimi \u0130\u00e7in Son Tarih. 15 Haziran 2021:\u00a0Kabul Edilen Bildiri \u00d6zetlerinin \u0130lan Edilmesi. 25 May\u0131s 5 Haziran 2021:\u00a0\u0130l\u00e7elerde olu\u015fturulacak komisyonlar marifetiyle T\u00fcrk E\u011fitimine dair il\u00e7e g\u00f6r\u00fc\u015flerinin bildiri metni haline getirilmesi ve temsilcilerin se\u00e7ilmesi. 10-20 Haziran 2021:\u00a0\u0130l\u00e7e temsilcileri taraf\u0131ndan haz\u0131rlanan raporlar\u0131n illerde g\u00f6r\u00fc\u015f\u00fclmesi. 13-18 Temmuz 2021\u2019de Ankara\u2019da d\u00fczenlenecek\u2026 <span class=\"read-more\"><a href=\"https:\/\/maarifkongresi.com\/v1\/onemli-tarihler\/\">Read More &raquo;<\/a><\/span><\/p>\n","protected":false},"author":1,"featured_media":0,"parent":0,"menu_order":0,"comment_status":"closed","ping_status":"closed","template":"","meta":[],"_links":{"self":[{"href":"https:\/\/maarifkongresi.com\/v1\/wp-json\/wp\/v2\/pages\/50"}],"collection":[{"href":"https:\/\/maarifkongresi.com\/v1\/wp-json\/wp\/v2\/pages"}],"about":[{"href":"https:\/\/maarifkongresi.com\/v1\/wp-json\/wp\/v2\/types\/page"}],"author":[{"embeddable":true,"href":"https:\/\/maarifkongresi.com\/v1\/wp-json\/wp\/v2\/users\/1"}],"replies":[{"embeddable":true,"href":"https:\/\/maarifkongresi.com\/v1\/wp-json\/wp\/v2\/comments?post=50"}],"version-history":[{"count":6,"href":"https:\/\/maarifkongresi.com\/v1\/wp-json\/wp\/v2\/pages\/50\/revisions"}],"predecessor-version":[{"id":133,"href":"https:\/\/maarifkongresi.com\/v1\/wp-json\/wp\/v2\/pages\/50\/revisions\/133"}],"wp:attachment":[{"href":"https:\/\/maarifkongresi.com\/v1\/wp-json\/wp\/v2\/media?parent=50"}],"curies":[{"name":"wp","href":"https:\/\/api.w.org\/{rel}","templated":true}]}}