{"id":52,"date":"2021-02-13T12:03:38","date_gmt":"2021-02-13T12:03:38","guid":{"rendered":"http:\/\/maarifkongresi.com\/v1\/?page_id=52"},"modified":"2021-03-02T11:17:12","modified_gmt":"2021-03-02T11:17:12","slug":"yazim-ve-sergi-kurallari","status":"publish","type":"page","link":"https:\/\/maarifkongresi.com\/v1\/yazim-ve-sergi-kurallari\/","title":{"rendered":"Yaz\u0131m ve Sergi Kurallar\u0131"},"content":{"rendered":"<p><strong>Yaz\u0131m Kurallar\u0131<\/strong><\/p>\n<p>1-) Bildiriler ve bildiri \u00f6zetleri, T\u00fcrkiye T\u00fcrk\u00e7esi, ile sunulabilir.<\/p>\n<p>2-) Tebli\u011f \u00f6zetleri, en az 250 en fazla 300 kelimeden olu\u015fmal\u0131d\u0131r.<\/p>\n<p>3-) Tebli\u011fler kongre i\u00e7eri\u011fine uygun, T\u00fcrk e\u011fitim sistemine dair bir sorun, \u00e7\u00f6z\u00fcm veya \u00f6neriyi kapsamal\u0131, genel olarak \u201cCumhuriyetin 100. Y\u0131l\u0131nda\u201d T\u00fcrk e\u011fitim sistemine dair bir tasavvuru ortaya koyma hedefine y\u00f6nelik olmal\u0131d\u0131r.<\/p>\n<p>4-) Tebli\u011f metinleri Times New Roman yaz\u0131 tipi ile 12 punto halinde, paragraf ba\u015f\u0131 yap\u0131lmadan 1,5 sat\u0131r aral\u0131\u011f\u0131 ile metin i\u00e7i at\u0131f\/kaynak g\u00f6sterme y\u00f6ntemi kullan\u0131larak yaz\u0131lmal\u0131d\u0131r. Metin alt\u0131nda sadece \u00f6zel a\u00e7\u0131klamalara yer verilmedir. \u0130lk sayfada yazar ad\u0131nda yap\u0131lacak dipnot ekleme ile yazar ad\u0131, \u00fcniversitesi, \u00fclkesi, ili ve elmek adresi dipnot olarak verilmelidir. \u00a0<strong>Kat\u0131l\u0131mc\u0131lar tebli\u011f \u00f6zetleri ve metinleriyle birlikte \u00e7al\u0131\u015ft\u0131\u011f\u0131 kurum ve irtibat adreslerini de g\u00f6ndermelidir.<\/strong><\/p>\n<p>Dipnotlar 10 punto ve bir sat\u0131r aral\u0131\u011f\u0131 ile yaz\u0131lmal\u0131d\u0131r.<\/p>\n<p>5-) Bildirilerde kullan\u0131lan tablolar, resimler, haritalar ve foto\u011fraflar jpeg format\u0131nda kay\u0131t edilerek, bildiri metninden ayr\u0131 olarak ek bir dosya \u015feklinde g\u00f6nderilmelidir. Aksi davran\u0131lmas\u0131 halinde olu\u015fabilecek; tablolardaki kaymalar, g\u00f6rsellerdeki g\u00f6r\u00fcnt\u00fc problemleri yazar\u0131n\u0131n sorumlulu\u011fundad\u0131r.<\/p>\n<p>6-) \u00d6zetler ve tebli\u011fler Microsoft Word ortam\u0131nda yaz\u0131lmal\u0131 ve bu haliyle belirtilen kay\u0131t sistemi \u00fczerinden g\u00f6nderilmelidir.<\/p>\n<p>7-) Kongrede her bir tebli\u011fin sunumu i\u00e7in ayr\u0131lan s\u00fcre 15 dakikad\u0131r. Fakat bildiriler kitab\u0131nda bas\u0131lmas\u0131 i\u00e7in g\u00f6nderilecek tam metinlerde sayfa s\u0131n\u0131rlamas\u0131 bulunmamaktad\u0131r.<\/p>\n<p>9-) Kabul edilen tebli\u011fler, belirlenen tarihte duyurulacak, kat\u0131l\u0131mc\u0131lara kabul mektubu g\u00f6nderilecektir.<\/p>\n<p>10-)\u00a0 Kat\u0131l\u0131mc\u0131lar en fazla \u00fc\u00e7 bildiri sunabilirler.<\/p>\n<p><strong>Sergi- Sergi Kat\u0131l\u0131m Kurallar\u0131<\/strong><\/p>\n<p>Sadece a\u015fa\u011f\u0131daki maddeler de\u011fi\u015ftirilecek.<\/p>\n<p>1-Sergiye en \u00e7ok 3 eser ile kat\u0131l\u0131m sa\u011flanabilir.<\/p>\n<p>2-Kargo ile g\u00f6nderilen eserler, 20 Temmuz 2021 (Talep ve yo\u011funlu\u011fa g\u00f6re s\u00fcre uzat\u0131labilir.) tarihinden itibaren D\u00fczenleme Kurulu taraf\u0131ndan \u00fccreti ve sorumlulu\u011fu eser sahibine ait olmak \u00fczere kargo ile adreslerine g\u00f6nderilecektir. \u0130steyen eser sahibi kongre sonras\u0131 eserini elden de alabilecektir. Eserin kongre sonras\u0131 geri g\u00f6nderilmesi gibi hususlar eser sahibinin sorumlulu\u011funda olup, ilgili masraflar eser sahibi taraf\u0131ndan kar\u015f\u0131lanacakt\u0131r.<\/p>\n","protected":false},"excerpt":{"rendered":"<p>Yaz\u0131m Kurallar\u0131 1-) Bildiriler ve bildiri \u00f6zetleri, T\u00fcrkiye T\u00fcrk\u00e7esi, ile sunulabilir. 2-) Tebli\u011f \u00f6zetleri, en az 250 en fazla 300 kelimeden olu\u015fmal\u0131d\u0131r. 3-) Tebli\u011fler kongre i\u00e7eri\u011fine uygun, T\u00fcrk e\u011fitim sistemine dair bir sorun, \u00e7\u00f6z\u00fcm veya \u00f6neriyi kapsamal\u0131, genel olarak \u201cCumhuriyetin 100. Y\u0131l\u0131nda\u201d T\u00fcrk e\u011fitim sistemine dair bir tasavvuru ortaya koyma hedefine y\u00f6nelik olmal\u0131d\u0131r. 4-) Tebli\u011f\u2026 <span class=\"read-more\"><a href=\"https:\/\/maarifkongresi.com\/v1\/yazim-ve-sergi-kurallari\/\">Read More &raquo;<\/a><\/span><\/p>\n","protected":false},"author":1,"featured_media":0,"parent":0,"menu_order":0,"comment_status":"closed","ping_status":"closed","template":"","meta":[],"_links":{"self":[{"href":"https:\/\/maarifkongresi.com\/v1\/wp-json\/wp\/v2\/pages\/52"}],"collection":[{"href":"https:\/\/maarifkongresi.com\/v1\/wp-json\/wp\/v2\/pages"}],"about":[{"href":"https:\/\/maarifkongresi.com\/v1\/wp-json\/wp\/v2\/types\/page"}],"author":[{"embeddable":true,"href":"https:\/\/maarifkongresi.com\/v1\/wp-json\/wp\/v2\/users\/1"}],"replies":[{"embeddable":true,"href":"https:\/\/maarifkongresi.com\/v1\/wp-json\/wp\/v2\/comments?post=52"}],"version-history":[{"count":2,"href":"https:\/\/maarifkongresi.com\/v1\/wp-json\/wp\/v2\/pages\/52\/revisions"}],"predecessor-version":[{"id":96,"href":"https:\/\/maarifkongresi.com\/v1\/wp-json\/wp\/v2\/pages\/52\/revisions\/96"}],"wp:attachment":[{"href":"https:\/\/maarifkongresi.com\/v1\/wp-json\/wp\/v2\/media?parent=52"}],"curies":[{"name":"wp","href":"https:\/\/api.w.org\/{rel}","templated":true}]}}