{"id":56,"date":"2021-02-13T12:06:30","date_gmt":"2021-02-13T12:06:30","guid":{"rendered":"http:\/\/maarifkongresi.com\/v1\/?page_id=56"},"modified":"2021-02-13T12:06:30","modified_gmt":"2021-02-13T12:06:30","slug":"sosyal-etkinlikler","status":"publish","type":"page","link":"https:\/\/maarifkongresi.com\/v1\/sosyal-etkinlikler\/","title":{"rendered":"Sosyal Etkinlikler"},"content":{"rendered":"<p>Ankara k\u00fclt\u00fcr ve tarih gezisi.<\/p>\n<p>Milli E\u011fitim M\u00fczesi gezisi.<\/p>\n<p>T\u00fcrk E\u011fitim Tarihi, Atat\u00fcrk Ve Maarif Kongresi Sergisi ziyareti<\/p>\n","protected":false},"excerpt":{"rendered":"<p>Ankara k\u00fclt\u00fcr ve tarih gezisi. Milli E\u011fitim M\u00fczesi gezisi. T\u00fcrk E\u011fitim Tarihi, Atat\u00fcrk Ve Maarif Kongresi Sergisi ziyareti<\/p>\n","protected":false},"author":1,"featured_media":0,"parent":0,"menu_order":0,"comment_status":"closed","ping_status":"closed","template":"","meta":[],"_links":{"self":[{"href":"https:\/\/maarifkongresi.com\/v1\/wp-json\/wp\/v2\/pages\/56"}],"collection":[{"href":"https:\/\/maarifkongresi.com\/v1\/wp-json\/wp\/v2\/pages"}],"about":[{"href":"https:\/\/maarifkongresi.com\/v1\/wp-json\/wp\/v2\/types\/page"}],"author":[{"embeddable":true,"href":"https:\/\/maarifkongresi.com\/v1\/wp-json\/wp\/v2\/users\/1"}],"replies":[{"embeddable":true,"href":"https:\/\/maarifkongresi.com\/v1\/wp-json\/wp\/v2\/comments?post=56"}],"version-history":[{"count":1,"href":"https:\/\/maarifkongresi.com\/v1\/wp-json\/wp\/v2\/pages\/56\/revisions"}],"predecessor-version":[{"id":57,"href":"https:\/\/maarifkongresi.com\/v1\/wp-json\/wp\/v2\/pages\/56\/revisions\/57"}],"wp:attachment":[{"href":"https:\/\/maarifkongresi.com\/v1\/wp-json\/wp\/v2\/media?parent=56"}],"curies":[{"name":"wp","href":"https:\/\/api.w.org\/{rel}","templated":true}]}}