{"id":58,"date":"2021-02-13T12:08:37","date_gmt":"2021-02-13T12:08:37","guid":{"rendered":"http:\/\/maarifkongresi.com\/v1\/?page_id=58"},"modified":"2021-02-13T12:08:37","modified_gmt":"2021-02-13T12:08:37","slug":"calisma-alanlari","status":"publish","type":"page","link":"https:\/\/maarifkongresi.com\/v1\/calisma-alanlari\/","title":{"rendered":"\u00c7al\u0131\u015fma Alanlar\u0131"},"content":{"rendered":"<p>Kongre\u2019de T\u00fcrk E\u011fitiminin g\u00fcncel meseleleri ve bunlara y\u00f6nelik \u00e7\u00f6z\u00fcm i\u00e7eren bildiriler de\u011ferlendirilmeye al\u0131nacakt\u0131r. E\u011fitim bilimleri, mesleki e\u011fitim, uzaktan e\u011fitim, y\u00fcksek\u00f6\u011fretim, akademik e\u011fitim yayg\u0131n e\u011fitim ve yeti\u015fkin e\u011fitimi gibi alanlarda kat\u0131l\u0131mc\u0131lar\u0131n k\u0131ymetli \u00e7al\u0131\u015fmalar\u0131yla kongreye destek olmalar\u0131 hedeflenmektedir. Bunun yan\u0131nda meslek odalar\u0131 ve di\u011fer kurulu\u015flar\u0131n da e\u011fitimi ilgilendiren konularda kongreye kat\u0131lmalar\u0131 etrafl\u0131 bir de\u011ferlendirmenin olmas\u0131 bak\u0131m\u0131ndan olduk\u00e7a \u00f6nem arz etmektedir.<\/p>\n<p>Bildiri kabul edilecek \u00e7al\u0131\u015fma alanlar\u0131 a\u015fa\u011f\u0131daki gibidir.<\/p>\n<p>Bilgisayar \u00d6\u011fretim Teknolojileri E\u011fitimi<br \/>\nDin E\u011fitimi<br \/>\nE\u011fitim Bilimleri<br \/>\nE\u011fitim Denetimi<br \/>\nE\u011fitim \u0130stihdam \u0130li\u015fkisi<br \/>\nE\u011fitim Materyali Geli\u015ftirme<br \/>\nE\u011fitim Teknolojileri<br \/>\nE\u011fitim Y\u00f6netimi<br \/>\nG\u00fczel Sanatlar E\u011fitimi<br \/>\nK\u00fclt\u00fcr Aktar\u0131m\u0131<br \/>\nMesleki E\u011fitim<br \/>\nM\u00fcfredat Geli\u015ftirme<br \/>\nM\u00fclteci ve S\u0131\u011f\u0131nmac\u0131 E\u011fitimi<br \/>\nOkul Organizasyonu<br \/>\nOrta\u00f6\u011fretim Fen ve Matematik Alanlar E\u011fitimi<br \/>\nOrta\u00f6\u011fretim Sosyal Alanlar E\u011fitimi<br \/>\n\u00d6\u011fretmen Geli\u015ftirme (Hizmet \u0130\u00e7i)<br \/>\n\u00d6\u011fretmen Yeti\u015ftirme<br \/>\n\u00d6l\u00e7me De\u011ferlendirme<br \/>\n\u00d6zel E\u011fitim<br \/>\nRehberlik ve Psikolojik Dan\u0131\u015fmanl\u0131k<br \/>\nSpor E\u011fitimi<br \/>\nTemel E\u011fitim<br \/>\nT\u00fcrk K\u00fclt\u00fcr\u00fc ve E\u011fitim \u00dczerine<br \/>\nT\u00fcrk\u00e7e \u00d6\u011fretimi<br \/>\nUzaktan E\u011fitim<br \/>\nVak\u0131f \u00dcniversiteleri<br \/>\nYabanc\u0131 Dil E\u011fitimi<br \/>\nYabanc\u0131lara T\u00fcrk\u00e7e E\u011fitimi<br \/>\nYayg\u0131n E\u011fitim<br \/>\nYurt D\u0131\u015f\u0131 E\u011fitim<br \/>\nYurt D\u0131\u015f\u0131ndaki T\u00fcrk \u00c7ocuklar\u0131n\u0131n E\u011fitimi<br \/>\nYurti\u00e7i ve Yurt D\u0131\u015f\u0131 Diploma Denklik<br \/>\nY\u00fcksek \u00d6\u011fretim<br \/>\nY\u00fcksek \u00d6\u011fretim \u00c7al\u0131\u015fmalar\u0131<\/p>\n","protected":false},"excerpt":{"rendered":"<p>Kongre\u2019de T\u00fcrk E\u011fitiminin g\u00fcncel meseleleri ve bunlara y\u00f6nelik \u00e7\u00f6z\u00fcm i\u00e7eren bildiriler de\u011ferlendirilmeye al\u0131nacakt\u0131r. E\u011fitim bilimleri, mesleki e\u011fitim, uzaktan e\u011fitim, y\u00fcksek\u00f6\u011fretim, akademik e\u011fitim yayg\u0131n e\u011fitim ve yeti\u015fkin e\u011fitimi gibi alanlarda kat\u0131l\u0131mc\u0131lar\u0131n k\u0131ymetli \u00e7al\u0131\u015fmalar\u0131yla kongreye destek olmalar\u0131 hedeflenmektedir. Bunun yan\u0131nda meslek odalar\u0131 ve di\u011fer kurulu\u015flar\u0131n da e\u011fitimi ilgilendiren konularda kongreye kat\u0131lmalar\u0131 etrafl\u0131 bir de\u011ferlendirmenin olmas\u0131 bak\u0131m\u0131ndan olduk\u00e7a\u2026 <span class=\"read-more\"><a href=\"https:\/\/maarifkongresi.com\/v1\/calisma-alanlari\/\">Read More &raquo;<\/a><\/span><\/p>\n","protected":false},"author":1,"featured_media":0,"parent":0,"menu_order":0,"comment_status":"closed","ping_status":"closed","template":"","meta":[],"_links":{"self":[{"href":"https:\/\/maarifkongresi.com\/v1\/wp-json\/wp\/v2\/pages\/58"}],"collection":[{"href":"https:\/\/maarifkongresi.com\/v1\/wp-json\/wp\/v2\/pages"}],"about":[{"href":"https:\/\/maarifkongresi.com\/v1\/wp-json\/wp\/v2\/types\/page"}],"author":[{"embeddable":true,"href":"https:\/\/maarifkongresi.com\/v1\/wp-json\/wp\/v2\/users\/1"}],"replies":[{"embeddable":true,"href":"https:\/\/maarifkongresi.com\/v1\/wp-json\/wp\/v2\/comments?post=58"}],"version-history":[{"count":1,"href":"https:\/\/maarifkongresi.com\/v1\/wp-json\/wp\/v2\/pages\/58\/revisions"}],"predecessor-version":[{"id":59,"href":"https:\/\/maarifkongresi.com\/v1\/wp-json\/wp\/v2\/pages\/58\/revisions\/59"}],"wp:attachment":[{"href":"https:\/\/maarifkongresi.com\/v1\/wp-json\/wp\/v2\/media?parent=58"}],"curies":[{"name":"wp","href":"https:\/\/api.w.org\/{rel}","templated":true}]}}