{"id":6,"date":"2021-02-13T10:36:36","date_gmt":"2021-02-13T10:36:36","guid":{"rendered":"http:\/\/maarifkongresi.com\/v1\/?page_id=6"},"modified":"2021-03-02T12:19:13","modified_gmt":"2021-03-02T12:19:13","slug":"ana-sayfa","status":"publish","type":"page","link":"https:\/\/maarifkongresi.com\/v1\/","title":{"rendered":"Ana Sayfa"},"content":{"rendered":"<div align=\"justify\"><img decoding=\"async\" loading=\"lazy\" class=\"alignleft wp-image-7\" src=\"http:\/\/maarifkongresi.com\/v1\/wp-content\/uploads\/2021\/02\/afis.jpeg\" alt=\"\" width=\"300\" height=\"428\" srcset=\"https:\/\/maarifkongresi.com\/v1\/wp-content\/uploads\/2021\/02\/afis.jpeg 605w, https:\/\/maarifkongresi.com\/v1\/wp-content\/uploads\/2021\/02\/afis-210x300.jpeg 210w\" sizes=\"(max-width: 300px) 100vw, 300px\" \/>T\u00fcrk mill\u00ee m\u00fccadelesinin 19 May\u0131s 1919 tarihinde ba\u015flad\u0131\u011f\u0131 an\u0131 millet olarak yazaca\u011f\u0131m\u0131z destan\u0131n ilk b\u00f6l\u00fcm\u00fc olarak de\u011ferlendirilebiliriz. Mill\u00ee m\u00fccadelenin Atat\u00fcrk\u2019\u00fcn zihninde ve T\u00fcrk milletinin muhayyilesinde ba\u015flad\u0131\u011f\u0131 g\u00fcnden itibaren; necip milletin her bir ferdini buna inand\u0131rmak, kanaatini ve deste\u011fini alarak sadece necip T\u00fcrk milletine g\u00fcvendi\u011fini onun da milli ve manevi de\u011ferlerine ba\u011fl\u0131l\u0131\u011f\u0131, \u00e7al\u0131\u015fkanl\u0131k ve azmi ile bunu ba\u015farabilece\u011fini her f\u0131rsatta dile getirdi\u011fi a\u015fikard\u0131r. T\u00fcrk ulusuna ve gen\u00e7li\u011fine seslenirken \u201c<b>Muhta\u00e7 oldu\u011fun kudret damarlar\u0131ndaki asil kanda mevcuttur !<\/b>\u201d s\u00f6z\u00fc bu milletin b\u00fct\u00fcn zorluklar\u0131 kendi \u00f6z kaynaklar\u0131 ile yenebilece\u011fine inanc\u0131n\u0131n en a\u00e7\u0131k g\u00f6stergesidir. Tarihte badireli s\u00fcre\u00e7ler atlatt\u0131\u011f\u0131m\u0131z d\u00f6nemlerde dahi verilen \u00e7etin m\u00fccadelelerin sonunda h\u0131zla toparlanmak, yeni bir d\u00fczen kurmak T\u00fcrk milletinin te\u015fkilat\u00e7\u0131l\u0131\u011f\u0131n\u0131n ve d\u00fczenleme kabiliyetinin a\u00e7\u0131k g\u00f6stergesidir.Yeni bir destan, yeni bir Ergenekon\u2019dan \u00e7\u0131k\u0131\u015f\u0131m\u0131z ve yeni bir devlet olarak birbirini takip eden basamaklar\u0131 i\u00e7eren milli m\u00fccadele s\u00fcrecinin zaferle neticelenece\u011fi ve zaman kaybetmeden muas\u0131r medeniyet seviyesine milleti ve devleti ula\u015ft\u0131rma hedefi m\u00fccadelenin ilk g\u00fcnlerinde Atat\u00fcrk\u2019\u00fcn, silah ve yol arkada\u015flar\u0131n\u0131n zihninde planlanm\u0131\u015ft\u0131. 19 May\u0131s 1919 ile ba\u015flayan m\u00fccadelenin cephede kazan\u0131lan k\u0131sm\u0131 kadar cephe gerisi ve zafer sonras\u0131n\u0131n da planlanmas\u0131 gerekiyor idi.<\/p>\n<p>D\u00fc\u015fman\u0131n Polatl\u0131\u2019ya kadar geldi\u011fi g\u00fcnlerde d\u00fczenlenen \u201c1. Maarif Kongresi\u201d ve Atat\u00fcrk\u2019\u00fcn b\u00fcy\u00fck bir titizlikle kongreye kat\u0131l\u0131p notlar alarak tebli\u011fleri dinlemesi hasebiyle de \u00f6nemini a\u00e7\u0131k\u00e7a ortaya koymu\u015ftur. Asl\u0131nda Atat\u00fcrk ve onun izinde y\u00fcr\u00fcyen T\u00fcrk m\u00fcnevveri, m\u00fctefekkiri, \u00fcniversitesi, \u00f6\u011fretmeni, m\u00fcd\u00fcr\u00fc ve m\u00fcfetti\u015fi olmak \u00fczere 1923 y\u0131l\u0131nda T\u00fcrk Devleti\u2019nin ge\u00e7ece\u011fi yeni y\u00f6netim bi\u00e7iminin ard\u0131ndan toplumsal kalk\u0131nman\u0131n kilidinin e\u011fitimde oldu\u011funun bilincinin en a\u00e7\u0131k g\u00f6stergesidir.\u00a0<b>15 Temmuz 1921 tarihinde ba\u015flayan 1. Maarif Kongresi, 1923 y\u0131l\u0131ndan sonra ba\u015flayacak toplumsal d\u00f6n\u00fc\u015f\u00fcm ve muas\u0131r medeniyet yolunda at\u0131lacak ad\u0131mlar\u0131n e\u011fitim alan\u0131nda kozas\u0131n\u0131n \u00f6r\u00fcld\u00fc\u011f\u00fc bir toplant\u0131 olarak T\u00fcrk tarihinde \u00f6nemli yer tutan kenge\u015f ve isti\u015farenin v\u00fccut bulmu\u015f halidir<\/b>. Farkl\u0131 bir kat\u0131l\u0131mla da olsa bunu 1923\u2019ten itibaren takip eden Heyet-i \u0130lmiye toplant\u0131lar\u0131 1926 ya kadar devam etmi\u015f. 1939\u2019dan 2014\u2019e kadar yap\u0131lan Milli E\u011fitim \u015euralar\u0131 da T\u00fcrk E\u011fitim i\u00e7in \u00f6nemli \u00e7al\u0131\u015fmalar yapm\u0131\u015ft\u0131r. Fakat 1. Maarif Kongresi o d\u00f6nem e\u011fitimin durumu ve toplumsal ihtiya\u00e7lar ad\u0131na kapsaml\u0131 bir de\u011ferlendirme yapan ve gen\u00e7 Cumhuriyet\u2019e bir yol haritas\u0131 \u00e7izen bir organizasyon olarak hat\u0131rlanmas\u0131 ve ihya edilmesi gereken bir toplant\u0131d\u0131r.<\/p>\n<p>Cumhuriyet\u2019in 100. Y\u0131l\u0131nda ve yeni T\u00fcrk asr\u0131nda devlet ve millet olarak hedefledi\u011fimiz noktalara ula\u015fabilmenin yolunun da insan kayna\u011f\u0131m\u0131z\u0131 do\u011fru y\u00f6nlendirmek ve e\u011fitmekten ge\u00e7ti\u011fi hepimizin malumudur. T\u00fcrk E\u011fitim-Sen olarak her durum ve \u015fartta T\u00fcrk milletinden yana taraf olma d\u00fcsturumuza uygun olarak 29 Ekim 1923, T\u00fcrkiye Cumhuriyetinin 100. Y\u0131l\u0131 olan 2023\u2019e bir haz\u0131rl\u0131k bir yol haritas\u0131 belirlemek amac\u0131yla 13-18 Temmuz 2021 y\u0131l\u0131nda Ankara\u2019da ayn\u0131 ruh ve heyecanla 2. Maarif Kongresi\u2019nin d\u00fczenlemeyi hedefliyoruz. \u0130\u00e7inde bulundu\u011fumuz d\u00f6nem, T\u00fcrk E\u011fitiminin ihtiya\u00e7lar\u0131 ile k\u00fcresel ve b\u00f6lgesel geli\u015fmeler d\u00e2hilinde 2023 y\u0131l\u0131ndan sonra ba\u015flayacak T\u00fcrk Asr\u0131n\u0131n gere\u011fi olan e\u011fitimli insan hedefinin nas\u0131l yakalanaca\u011f\u0131na dair bir yol haritas\u0131 haz\u0131rlamay\u0131 ve \u00f6neri sunmay\u0131 ama\u00e7lamaktay\u0131z. Bu kongrede hem ge\u00e7mi\u015f kongreye kat\u0131lanlar ve onlar\u0131n eserleri vas\u0131tas\u0131 ile o g\u00fcn\u00fcn \u015fartlar\u0131na g\u00f6re muazzam bir organizasyonun hat\u0131rlanmas\u0131 hem de 2023\u2019e do\u011fru devletimize ve milletimize hizmet yolunda T\u00fcrk tarihine bir not d\u00fc\u015fmeyi ama\u00e7lamaktay\u0131z.<\/p>\n<p>Bu kapsamda T\u00fcrkiye genelinde e\u011fitim ile ilgili \u00e7al\u0131\u015fmalar yapan, T\u00fcrk e\u011fitim sistemi ve tarihi \u00fczerine eserler haz\u0131rlayan; akademisyen, ara\u015ft\u0131rmac\u0131, sanatk\u00e2r ve m\u00fctefekkirleri; e\u011fitimin uygulama alan\u0131 olan okullarda \u00e7al\u0131\u015fan, T\u00fcrk E\u011fitimi\u2019nin geli\u015fmesi i\u00e7in s\u00f6yleyecek s\u00f6z\u00fcm var diyen; \u00f6\u011fretmen, idareci ve e\u011fitim y\u00f6neticilerini; il\u00e7e, il ve ard\u0131ndan Ankara\u2019da ger\u00e7ekle\u015ftirilecek kongremize kat\u0131lmaya davet ediyoruz.<br \/>\n13-18 Temmuz 2021 tarihinde Ankara\u2019da bulu\u015fmak \u00fczere<br \/>\nSayg\u0131lar\u0131mla\u2026<\/p>\n<\/div>\n<p>Talip GEYLAN<\/p>\n<p>T\u00fcrk E\u011fitim-Sen Genel Ba\u015fkan\u0131<\/p>\n<p>Kongre D\u00fczenleme Kurulu Ad\u0131na<\/p>\n","protected":false},"excerpt":{"rendered":"<p>T\u00fcrk mill\u00ee m\u00fccadelesinin 19 May\u0131s 1919 tarihinde ba\u015flad\u0131\u011f\u0131 an\u0131 millet olarak yazaca\u011f\u0131m\u0131z destan\u0131n ilk b\u00f6l\u00fcm\u00fc olarak de\u011ferlendirilebiliriz. Mill\u00ee m\u00fccadelenin Atat\u00fcrk\u2019\u00fcn zihninde ve T\u00fcrk milletinin muhayyilesinde ba\u015flad\u0131\u011f\u0131 g\u00fcnden itibaren; necip milletin her bir ferdini buna inand\u0131rmak, kanaatini ve deste\u011fini alarak sadece necip T\u00fcrk milletine g\u00fcvendi\u011fini onun da milli ve manevi de\u011ferlerine ba\u011fl\u0131l\u0131\u011f\u0131, \u00e7al\u0131\u015fkanl\u0131k ve azmi ile\u2026 <span class=\"read-more\"><a href=\"https:\/\/maarifkongresi.com\/v1\/\">Read More &raquo;<\/a><\/span><\/p>\n","protected":false},"author":1,"featured_media":0,"parent":0,"menu_order":0,"comment_status":"closed","ping_status":"closed","template":"","meta":[],"_links":{"self":[{"href":"https:\/\/maarifkongresi.com\/v1\/wp-json\/wp\/v2\/pages\/6"}],"collection":[{"href":"https:\/\/maarifkongresi.com\/v1\/wp-json\/wp\/v2\/pages"}],"about":[{"href":"https:\/\/maarifkongresi.com\/v1\/wp-json\/wp\/v2\/types\/page"}],"author":[{"embeddable":true,"href":"https:\/\/maarifkongresi.com\/v1\/wp-json\/wp\/v2\/users\/1"}],"replies":[{"embeddable":true,"href":"https:\/\/maarifkongresi.com\/v1\/wp-json\/wp\/v2\/comments?post=6"}],"version-history":[{"count":7,"href":"https:\/\/maarifkongresi.com\/v1\/wp-json\/wp\/v2\/pages\/6\/revisions"}],"predecessor-version":[{"id":100,"href":"https:\/\/maarifkongresi.com\/v1\/wp-json\/wp\/v2\/pages\/6\/revisions\/100"}],"wp:attachment":[{"href":"https:\/\/maarifkongresi.com\/v1\/wp-json\/wp\/v2\/media?parent=6"}],"curies":[{"name":"wp","href":"https:\/\/api.w.org\/{rel}","templated":true}]}}